{"id":69,"date":"2023-02-17T13:24:01","date_gmt":"2023-02-17T13:24:01","guid":{"rendered":"https:\/\/www.flirtdonthurt.ch\/?page_id=69"},"modified":"2025-11-26T20:38:37","modified_gmt":"2025-11-26T20:38:37","slug":"millegrazie","status":"publish","type":"page","link":"https:\/\/www.flirtdonthurt.ch\/index.php\/millegrazie\/","title":{"rendered":""},"content":{"rendered":"\n<h2 class=\"wp-block-heading\">Gegen sexualisierte Gewalt im Nachtleben<\/h2>\n\n\n\n<p class=\"has-medium-font-size\"><strong>Feiern, Fummeln, die Nacht durchtanzen, den Alltag vergessen: Unbedingt! Dabei darf nicht vergessen werden: Es gibt Grenzen, auch beim Flirten. Nur ein Ja ist ein Ja. Und sexualisierte Gewalt hat viele Gesichter: Aufdringliche Blicke, bl\u00f6de Spr\u00fcche oder grabschende H\u00e4nde sind an Partys Realit\u00e4t.<\/strong><\/p>\n\n\n\n<p class=\"has-medium-font-size\"><strong>Wieso Mille Grazie<\/strong>?<\/p>\n\n\n\n<p><strong>Sexualisierte Gewalt ist eine gesamtgesellschaftliche Herausforderung \u2013 auch im Nachtleben.<\/strong><br>Clubs, Bars und Veranstaltungsorte sollten sichere R\u00e4ume f\u00fcr Begegnung, Vielfalt und freie Entfaltung sein. Doch f\u00fcr viele Menschen \u2013 insbesondere FLINTA*-Personen sowie queere und rassifizierte Personen \u2013 ist diese Sicherheit nicht selbstverst\u00e4ndlich. Sie sind h\u00e4ufiger von sexualisierter Gewalt betroffen und erleben zudem verst\u00e4rkt Mehrfachdiskriminierung.<\/p>\n\n\n\n<p>Um diesem strukturellen Problem entgegenzuwirken, hat die Stadt Bern das zweij\u00e4hrige Pilotprojekt&nbsp;<strong>\u00abMille Grazie\u00bb<\/strong>&nbsp;ins Leben gerufen.<\/p>\n\n\n\n<p class=\"has-medium-font-size\"><strong>Pilotprojekt 2023 &#8211; 2025<\/strong><\/p>\n\n\n\n<p>Ziel des Projekts war es, gemeinsam mit Betrieben im Nachtleben wirksame Strategien zu entwickeln: zur\u00a0pr\u00e4ventiven Reduktion sexualisierter Gewalt, zum\u00a0Schutz von Betroffenen\u00a0und zur\u00a0diskriminierungssensiblen Gestaltung betrieblicher Strukturen. Getragen wurde das Projekt von einer interdisziplin\u00e4ren Steuergruppe und begleitet von Fachpersonen aus Pr\u00e4vention, Opferschutz und Awareness-Arbeit. Mit \u00abMille Grazie\u00bb setzte die Stadt Bern ein deutliches politisches Zeichen:\u00a0\u00d6ffentliche Sicherheit entsteht nicht erst bei der Intervention, sondern durch\u00a0Respekt, Empowerment und gemeinsame Verantwortung\u00a0\u2013 auf betrieblicher wie auf gesellschaftlicher Ebene.<\/p>\n\n\n\n<p>Der Verein Flirt Don&#8217;t Hurt f\u00fchrte das <strong>Pilotprojekt \u00abMille Grazie<\/strong>\u00bb im Mandat f\u00fcr die Stadt Bern im Rahmen der Kampagne \u00ab<a href=\"https:\/\/www.bernschauthin.ch\" target=\"_blank\" rel=\"noreferrer noopener\">Bern schaut hin<\/a>\u00bb durch. Mehr Infos gibts hier: <a href=\"https:\/\/www.flirtdonthurt.ch\/index.php\/millegrazie\/pilotprojekt-2023-2024\/\">\u00abMille Grazie: Gegen sexualisierte Gewalt im Nachtleben\u00bb<\/a>.<\/p>\n\n\n\n<h2 class=\"wp-block-heading has-medium-font-size\">Ergebnisse<\/h2>\n\n\n\n<p>Neun Betriebe beteiligten sich am Pilotprojekt und erarbeiteten eigene Awareness- oder Schutzkonzepte oder entwickelten diese weiter. Insgesamt wurden rund 500 Mitarbeitende geschult. Zudem wurde eine \u00f6ffentliche Kampagne durchgef\u00fchrt. <\/p>\n\n\n\n<p>Das Pilotprojekt macht zentrale Herausforderungen sichtbar: Freiwillige Ma\u00dfnahmen reichen oft nicht aus. Zudem k\u00f6nnen wirtschaftliche Zw\u00e4nge Schutzbem\u00fchungen schw\u00e4chen und marginalisierte Gruppen sind in Entscheidungsprozessen weiterhin unterrepr\u00e4sentiert.<\/p>\n\n\n\n<p>Es braucht bessere Rahmenbedingungen f\u00fcr die Awarenessarbeit: Schutz- und Awareness-Konzepte sollten verbindlich in Bewilligungsverfahren verankert, Schulungen breit angeboten und gesetzliche Mindeststandards definiert werden. Gleichzeitig braucht es eine St\u00e4rkung der T\u00e4terarbeit und mehr R\u00e4ume f\u00fcr marginalisierte Perspektiven.<\/p>\n\n\n\n<p>Das Projekt zeigt deutlich: Nachhaltige Pr\u00e4vention im Nachtleben entsteht durch klare Strukturen, ausreichende Ressourcen und eine gemeinsame Verantwortung aller Akteur*innen.<\/p>\n\n\n\n<p>Der Schlussbericht des Projektes wird zu einem sp\u00e4teren Zeitpunkt ver\u00f6ffentlicht.<\/p>\n\n\n<div class=\"wp-block-image\">\n<figure class=\"aligncenter size-large is-resized\"><img loading=\"lazy\" decoding=\"async\" width=\"724\" height=\"1024\" src=\"https:\/\/www.flirtdonthurt.ch\/wp-content\/uploads\/2023\/09\/MILLE_GRAZIE_PRINT_SCREEN-724x1024.jpg\" alt=\"\" class=\"wp-image-107\" style=\"width:343px;height:auto\" srcset=\"https:\/\/www.flirtdonthurt.ch\/wp-content\/uploads\/2023\/09\/MILLE_GRAZIE_PRINT_SCREEN-724x1024.jpg 724w, https:\/\/www.flirtdonthurt.ch\/wp-content\/uploads\/2023\/09\/MILLE_GRAZIE_PRINT_SCREEN-212x300.jpg 212w, https:\/\/www.flirtdonthurt.ch\/wp-content\/uploads\/2023\/09\/MILLE_GRAZIE_PRINT_SCREEN-768x1086.jpg 768w, https:\/\/www.flirtdonthurt.ch\/wp-content\/uploads\/2023\/09\/MILLE_GRAZIE_PRINT_SCREEN-1086x1536.jpg 1086w, https:\/\/www.flirtdonthurt.ch\/wp-content\/uploads\/2023\/09\/MILLE_GRAZIE_PRINT_SCREEN-1448x2048.jpg 1448w, https:\/\/www.flirtdonthurt.ch\/wp-content\/uploads\/2023\/09\/MILLE_GRAZIE_PRINT_SCREEN-1200x1697.jpg 1200w, https:\/\/www.flirtdonthurt.ch\/wp-content\/uploads\/2023\/09\/MILLE_GRAZIE_PRINT_SCREEN-scaled.jpg 1810w\" sizes=\"(max-width: 724px) 85vw, 724px\" \/><\/figure><\/div>\n\n\n<p><\/p>\n\n\n\n<p class=\"has-medium-font-size\"><\/p>\n\n\n\n<p class=\"has-medium-font-size\"><strong>Links<\/strong><\/p>\n\n\n\n<ul class=\"wp-block-list\">\n<li><a href=\"https:\/\/www.bern.ch\/themen\/gesundheit-alter-und-soziales\/gleichstellung-von-frau-und-mann\/bern-schaut-hin\/kampagne-bern-schaut-hin\/kampagnenmaterial-bestellen\/material-zum-bestellen\/bernschauthin-postkartea6-eigenstaendig-v4.pdf\/@@download\/file\/BernSchautHin_PostkarteA6_eigenstaendig_V4.pdf\">Flyer \u00abBern schaut hin\u00bb<\/a><\/li>\n<\/ul>\n\n\n\n<p>Mit finanzieller Unterst\u00fctzung der Burgergemeinde Bern und dem Gemeindefond der Stiftung Mercator Schweiz.<br><br>Mit freundlicher Unterst\u00fctzung<\/p>\n\n\n\n<figure class=\"wp-block-image size-full is-resized\"><img loading=\"lazy\" decoding=\"async\" width=\"920\" height=\"266\" src=\"https:\/\/www.flirtdonthurt.ch\/wp-content\/uploads\/2023\/10\/BGB_Logo_Screen_S.png\" alt=\"\" class=\"wp-image-127\" style=\"aspect-ratio:3.4586466165413534;width:255px;height:auto\" srcset=\"https:\/\/www.flirtdonthurt.ch\/wp-content\/uploads\/2023\/10\/BGB_Logo_Screen_S.png 920w, https:\/\/www.flirtdonthurt.ch\/wp-content\/uploads\/2023\/10\/BGB_Logo_Screen_S-300x87.png 300w, https:\/\/www.flirtdonthurt.ch\/wp-content\/uploads\/2023\/10\/BGB_Logo_Screen_S-768x222.png 768w\" sizes=\"(max-width: 709px) 85vw, (max-width: 909px) 67vw, (max-width: 1362px) 62vw, 840px\" \/><\/figure>\n\n\n\n<p><\/p>\n","protected":false},"excerpt":{"rendered":"<p>Gegen sexualisierte Gewalt im Nachtleben Feiern, Fummeln, die Nacht durchtanzen, den Alltag vergessen: Unbedingt! Dabei darf nicht vergessen werden: Es gibt Grenzen, auch beim Flirten. Nur ein Ja ist ein Ja. Und sexualisierte Gewalt hat viele Gesichter: Aufdringliche Blicke, bl\u00f6de Spr\u00fcche oder grabschende H\u00e4nde sind an Partys Realit\u00e4t. Wieso Mille Grazie? Sexualisierte Gewalt ist eine &hellip; <a href=\"https:\/\/www.flirtdonthurt.ch\/index.php\/millegrazie\/\" class=\"more-link\"><span class=\"screen-reader-text\">&#8220;&#8221; <\/span>weiterlesen<\/a><\/p>\n","protected":false},"author":1,"featured_media":209,"parent":0,"menu_order":1,"comment_status":"closed","ping_status":"closed","template":"","meta":{"footnotes":""},"class_list":["post-69","page","type-page","status-publish","has-post-thumbnail","hentry"],"_links":{"self":[{"href":"https:\/\/www.flirtdonthurt.ch\/index.php\/wp-json\/wp\/v2\/pages\/69"}],"collection":[{"href":"https:\/\/www.flirtdonthurt.ch\/index.php\/wp-json\/wp\/v2\/pages"}],"about":[{"href":"https:\/\/www.flirtdonthurt.ch\/index.php\/wp-json\/wp\/v2\/types\/page"}],"author":[{"embeddable":true,"href":"https:\/\/www.flirtdonthurt.ch\/index.php\/wp-json\/wp\/v2\/users\/1"}],"replies":[{"embeddable":true,"href":"https:\/\/www.flirtdonthurt.ch\/index.php\/wp-json\/wp\/v2\/comments?post=69"}],"version-history":[{"count":24,"href":"https:\/\/www.flirtdonthurt.ch\/index.php\/wp-json\/wp\/v2\/pages\/69\/revisions"}],"predecessor-version":[{"id":413,"href":"https:\/\/www.flirtdonthurt.ch\/index.php\/wp-json\/wp\/v2\/pages\/69\/revisions\/413"}],"wp:featuredmedia":[{"embeddable":true,"href":"https:\/\/www.flirtdonthurt.ch\/index.php\/wp-json\/wp\/v2\/media\/209"}],"wp:attachment":[{"href":"https:\/\/www.flirtdonthurt.ch\/index.php\/wp-json\/wp\/v2\/media?parent=69"}],"curies":[{"name":"wp","href":"https:\/\/api.w.org\/{rel}","templated":true}]}}