{"id":42,"date":"2019-12-04T13:27:12","date_gmt":"2019-12-04T13:27:12","guid":{"rendered":"https:\/\/www.flirtdonthurt.ch\/?page_id=42"},"modified":"2025-03-02T08:10:53","modified_gmt":"2025-03-02T08:10:53","slug":"mitgliedschaft","status":"publish","type":"page","link":"https:\/\/www.flirtdonthurt.ch\/index.php\/mitgliedschaft\/","title":{"rendered":"Mitgliedschaft"},"content":{"rendered":"\n<p class=\"has-medium-font-size\"><strong>Mit einer Mitgliedschaft unterst\u00fctzt du das Anliegen des Vereins \u00abFlirt Don&#8217;t Hurt\u00bb und erm\u00f6glichst, dass die Hauptthemen wirkungsvoll angegangen werden.<\/strong><\/p>\n\n\n\n<p>Mitglied werden k\u00f6nnen sowohl nat\u00fcrliche (Einzelmitgliedschaft) wie auch juristische Personen (Kollektivmitgliedschaft) unabh\u00e4ngig von ihrem Wohn- bzw. Standort. Die Aufnahme erfolgt durch den Vereinsvorstand. Der Eintritt kann jederzeit erfolgen und tritt nach der Bezahlung des Mitgliederbeitrags in Kraft. Ein Eintritt nach dem 1. September gilt sowohl f\u00fcr das laufende, wie das darauffolgende Kalenderjahr.<\/p>\n\n\n\n<p><strong>Einzelmitgliedschaft f\u00fcr Privatpersonen<\/strong> <br>Jahresbeitrag CHF 50.-<\/p>\n\n\n\n<p><strong>Deine Vorteile als Einzelmitglied<\/strong><\/p>\n\n\n\n<ul class=\"wp-block-list\">\n<li>Kostenlose Teilnahme an allen Workshops<\/li>\n\n\n\n<li>Zugang zu Wissen zum Thema sexualisierte Gewalt im Nachtleben<\/li>\n<\/ul>\n\n\n\n<p><br><strong>Kollektivmitgliedschaft f\u00fcr Clubs und Organisationen<\/strong><br>Jahresbeitrag CHF 200.-<\/p>\n\n\n\n<p><strong>Deine Vorteile als Kollektivmitglied<\/strong><\/p>\n\n\n\n<ul class=\"wp-block-list\">\n<li>Plattform f\u00fcr Austausch, Netzwerk<\/li>\n\n\n\n<li>ein kostenloses Coaching \u00e0 2h<\/li>\n\n\n\n<li>kostenlose Teilnahme des Personals am Einstiegsworkshop<\/li>\n\n\n\n<li>verg\u00fcnstigte Unterst\u00fctzung bei der Erarbeitung von Konzepten<\/li>\n\n\n\n<li>Unterst\u00fctzung durch den Verein bei Fragen zum Thema<\/li>\n\n\n\n<li>Zugang zu Wissen zum Thema sexualisierte Gewalt im Nachtleben<\/li>\n<\/ul>\n\n\n\n<h2 class=\"wp-block-heading\">Anmeldung<\/h2>\n\n\n<div class=\"wpforms-container wpforms-container-full wpforms-block wpforms-block-f93b81fa-e9a3-48e5-ad00-88c412a6f1ad wpforms-render-modern\" id=\"wpforms-332\"><form id=\"wpforms-form-332\" class=\"wpforms-validate wpforms-form wpforms-ajax-form\" data-formid=\"332\" method=\"post\" enctype=\"multipart\/form-data\" action=\"\/index.php\/wp-json\/wp\/v2\/pages\/42\" data-token=\"054bfbb77984c9178e3e93ddac414aa0\" data-token-time=\"1776206849\"><noscript class=\"wpforms-error-noscript\">Bitte aktivieren Sie JavaScript in Ihrem Browser, um dieses Formular fertigzustellen.<\/noscript><div id=\"wpforms-error-noscript\" style=\"display: none;\">Bitte aktivieren Sie JavaScript in Ihrem Browser, um dieses Formular fertigzustellen.<\/div><div class=\"wpforms-field-container\"><div id=\"wpforms-332-field_8-container\" class=\"wpforms-field wpforms-field-radio\" data-field-id=\"8\"><fieldset><legend class=\"wpforms-field-label\">Art der Mitgliedschaft <span class=\"wpforms-required-label\" aria-hidden=\"true\">*<\/span><\/legend><ul id=\"wpforms-332-field_8\" class=\"wpforms-field-required\"><li class=\"choice-1 depth-1\"><input type=\"radio\" id=\"wpforms-332-field_8_1\" name=\"wpforms[fields][8]\" value=\"Einzelmitgliedschaft\" aria-errormessage=\"wpforms-332-field_8_1-error\" required ><label class=\"wpforms-field-label-inline\" for=\"wpforms-332-field_8_1\">Einzelmitgliedschaft<\/label><\/li><li class=\"choice-2 depth-1\"><input type=\"radio\" id=\"wpforms-332-field_8_2\" name=\"wpforms[fields][8]\" value=\"Kollektivmitgliedschaft\" aria-errormessage=\"wpforms-332-field_8_2-error\" required ><label class=\"wpforms-field-label-inline\" for=\"wpforms-332-field_8_2\">Kollektivmitgliedschaft<\/label><\/li><\/ul><\/fieldset><\/div><div id=\"wpforms-332-field_0-container\" class=\"wpforms-field wpforms-field-name\" data-field-id=\"0\"><fieldset><legend class=\"wpforms-field-label\">Name <span class=\"wpforms-required-label\" aria-hidden=\"true\">*<\/span><\/legend><div class=\"wpforms-field-row wpforms-field-medium\"><div class=\"wpforms-field-row-block wpforms-first wpforms-one-half\"><input type=\"text\" id=\"wpforms-332-field_0\" class=\"wpforms-field-name-first wpforms-field-required\" name=\"wpforms[fields][0][first]\" aria-errormessage=\"wpforms-332-field_0-error\" required><label for=\"wpforms-332-field_0\" class=\"wpforms-field-sublabel after\">Vorname<\/label><\/div><div class=\"wpforms-field-row-block wpforms-one-half\"><input type=\"text\" id=\"wpforms-332-field_0-last\" class=\"wpforms-field-name-last wpforms-field-required\" name=\"wpforms[fields][0][last]\" aria-errormessage=\"wpforms-332-field_0-last-error\" required><label for=\"wpforms-332-field_0-last\" class=\"wpforms-field-sublabel after\">Nachname<\/label><\/div><\/div><\/fieldset><\/div><div id=\"wpforms-332-field_5-container\" class=\"wpforms-field wpforms-field-text\" data-field-id=\"5\"><label class=\"wpforms-field-label\" for=\"wpforms-332-field_5\">Organisation<\/label><input type=\"text\" id=\"wpforms-332-field_5\" class=\"wpforms-field-medium\" name=\"wpforms[fields][5]\" aria-errormessage=\"wpforms-332-field_5-error\" ><\/div>\t\t<div id=\"wpforms-332-field_3-container\"\n\t\t\tclass=\"wpforms-field wpforms-field-text\"\n\t\t\tdata-field-type=\"text\"\n\t\t\tdata-field-id=\"3\"\n\t\t\t>\n\t\t\t<label class=\"wpforms-field-label\" for=\"wpforms-332-field_3\" >Adresse, Bemerkung Du<\/label>\n\t\t\t<input type=\"text\" id=\"wpforms-332-field_3\" class=\"wpforms-field-medium\" name=\"wpforms[fields][3]\" >\n\t\t<\/div>\n\t\t<div id=\"wpforms-332-field_6-container\" class=\"wpforms-field wpforms-field-text\" data-field-id=\"6\"><label class=\"wpforms-field-label\" for=\"wpforms-332-field_6\">Adresse, PLZ, Ort <span class=\"wpforms-required-label\" aria-hidden=\"true\">*<\/span><\/label><input type=\"text\" id=\"wpforms-332-field_6\" class=\"wpforms-field-medium wpforms-field-required\" name=\"wpforms[fields][6]\" aria-errormessage=\"wpforms-332-field_6-error\" required><\/div><div id=\"wpforms-332-field_1-container\" class=\"wpforms-field wpforms-field-email\" data-field-id=\"1\"><label class=\"wpforms-field-label\" for=\"wpforms-332-field_1\">Email <span class=\"wpforms-required-label\" aria-hidden=\"true\">*<\/span><\/label><input type=\"email\" id=\"wpforms-332-field_1\" class=\"wpforms-field-medium wpforms-field-required\" name=\"wpforms[fields][1]\" spellcheck=\"false\" aria-errormessage=\"wpforms-332-field_1-error\" required><\/div><div id=\"wpforms-332-field_2-container\" class=\"wpforms-field wpforms-field-textarea\" data-field-id=\"2\"><label class=\"wpforms-field-label\" for=\"wpforms-332-field_2\">Bemerkung<\/label><textarea id=\"wpforms-332-field_2\" class=\"wpforms-field-medium\" name=\"wpforms[fields][2]\" aria-errormessage=\"wpforms-332-field_2-error\" ><\/textarea><\/div><div id=\"wpforms-332-field_4-container\" class=\"wpforms-field wpforms-field-checkbox\" data-field-id=\"4\"><fieldset><legend class=\"wpforms-field-label\">M\u00f6chtest Du unseren Newsletter erhalten?<\/legend><ul id=\"wpforms-332-field_4\"><li class=\"choice-1 depth-1\"><input type=\"checkbox\" id=\"wpforms-332-field_4_1\" name=\"wpforms[fields][4][]\" value=\"Ja\" aria-errormessage=\"wpforms-332-field_4_1-error\"  ><label class=\"wpforms-field-label-inline\" for=\"wpforms-332-field_4_1\">Ja<\/label><\/li><\/ul><\/fieldset><\/div><script>\n\t\t\t\t( function() {\n\t\t\t\t\tconst style = document.createElement( 'style' );\n\t\t\t\t\tstyle.appendChild( document.createTextNode( '#wpforms-332-field_3-container { position: absolute !important; overflow: hidden !important; display: inline !important; height: 1px !important; width: 1px !important; z-index: -1000 !important; padding: 0 !important; } #wpforms-332-field_3-container input { visibility: hidden; } #wpforms-conversational-form-page #wpforms-332-field_3-container label { counter-increment: none; }' ) );\n\t\t\t\t\tdocument.head.appendChild( style );\n\t\t\t\t\tdocument.currentScript?.remove();\n\t\t\t\t} )();\n\t\t\t<\/script><\/div><!-- .wpforms-field-container --><div class=\"wpforms-submit-container\" ><input type=\"hidden\" name=\"wpforms[id]\" value=\"332\"><input type=\"hidden\" name=\"page_title\" value=\"\"><input type=\"hidden\" name=\"page_url\" value=\"https:\/\/www.flirtdonthurt.ch\/index.php\/wp-json\/wp\/v2\/pages\/42\"><input type=\"hidden\" name=\"url_referer\" value=\"\"><button type=\"submit\" name=\"wpforms[submit]\" id=\"wpforms-submit-332\" class=\"wpforms-submit\" aria-live=\"assertive\" value=\"wpforms-submit\">Absenden<\/button><img loading=\"lazy\" decoding=\"async\" src=\"https:\/\/www.flirtdonthurt.ch\/wp-content\/plugins\/wpforms-lite\/assets\/images\/submit-spin.svg\" class=\"wpforms-submit-spinner\" style=\"display: none;\" width=\"26\" height=\"26\" alt=\"Wird geladen\"><\/div><\/form><\/div>  <!-- .wpforms-container -->\n\n\n<p><\/p>\n\n\n\n<p><\/p>\n\n\n\n<p><\/p>\n","protected":false},"excerpt":{"rendered":"<p>Mit einer Mitgliedschaft unterst\u00fctzt du das Anliegen des Vereins \u00abFlirt Don&#8217;t Hurt\u00bb und erm\u00f6glichst, dass die Hauptthemen wirkungsvoll angegangen werden. Mitglied werden k\u00f6nnen sowohl nat\u00fcrliche (Einzelmitgliedschaft) wie auch juristische Personen (Kollektivmitgliedschaft) unabh\u00e4ngig von ihrem Wohn- bzw. Standort. Die Aufnahme erfolgt durch den Vereinsvorstand. Der Eintritt kann jederzeit erfolgen und tritt nach der Bezahlung des Mitgliederbeitrags &hellip; <a href=\"https:\/\/www.flirtdonthurt.ch\/index.php\/mitgliedschaft\/\" class=\"more-link\"><span class=\"screen-reader-text\">&#8220;Mitgliedschaft&#8221; <\/span>weiterlesen<\/a><\/p>\n","protected":false},"author":1,"featured_media":205,"parent":0,"menu_order":0,"comment_status":"closed","ping_status":"closed","template":"","meta":{"footnotes":""},"class_list":["post-42","page","type-page","status-publish","has-post-thumbnail","hentry"],"_links":{"self":[{"href":"https:\/\/www.flirtdonthurt.ch\/index.php\/wp-json\/wp\/v2\/pages\/42"}],"collection":[{"href":"https:\/\/www.flirtdonthurt.ch\/index.php\/wp-json\/wp\/v2\/pages"}],"about":[{"href":"https:\/\/www.flirtdonthurt.ch\/index.php\/wp-json\/wp\/v2\/types\/page"}],"author":[{"embeddable":true,"href":"https:\/\/www.flirtdonthurt.ch\/index.php\/wp-json\/wp\/v2\/users\/1"}],"replies":[{"embeddable":true,"href":"https:\/\/www.flirtdonthurt.ch\/index.php\/wp-json\/wp\/v2\/comments?post=42"}],"version-history":[{"count":8,"href":"https:\/\/www.flirtdonthurt.ch\/index.php\/wp-json\/wp\/v2\/pages\/42\/revisions"}],"predecessor-version":[{"id":336,"href":"https:\/\/www.flirtdonthurt.ch\/index.php\/wp-json\/wp\/v2\/pages\/42\/revisions\/336"}],"wp:featuredmedia":[{"embeddable":true,"href":"https:\/\/www.flirtdonthurt.ch\/index.php\/wp-json\/wp\/v2\/media\/205"}],"wp:attachment":[{"href":"https:\/\/www.flirtdonthurt.ch\/index.php\/wp-json\/wp\/v2\/media?parent=42"}],"curies":[{"name":"wp","href":"https:\/\/api.w.org\/{rel}","templated":true}]}}