{"id":3,"date":"2019-10-24T09:42:06","date_gmt":"2019-10-24T09:42:06","guid":{"rendered":"https:\/\/www.flirtdonthurt.ch\/?page_id=3"},"modified":"2024-10-30T12:41:31","modified_gmt":"2024-10-30T12:41:31","slug":"impressum","status":"publish","type":"page","link":"https:\/\/www.flirtdonthurt.ch\/index.php\/impressum\/","title":{"rendered":"Impressum"},"content":{"rendered":"\n<p><strong>Kontakt-Adresse<\/strong><\/p>\n\n\n\n<p>Flirt Don&#8217;t Hurt<br>c\/o Feuerwehr Viktoria<br>Viktoriastrasse 70<br>3013 Bern<br>Schweiz<\/p>\n\n\n\n<p>E-Mail:<br>info@flirtdonthurt.ch<\/p>\n\n\n\n<p><strong>Vertretungsberechtigte Person(en)<\/strong><br>Jo\u00eblle Dinichert, Vorstand<br>Letizia Carigiet, Vorstand<br>Adriana Anliker, Vorstand<br>Hanna-Lynn Schori, Vorstand<br><\/p>\n\n\n\n<p><strong>Haftungsausschluss<\/strong><br>Die Autorenschaft \u00fcbernimmt keinerlei Gew\u00e4hr hinsichtlich der inhaltlichen Richtigkeit, Genauigkeit, Aktualit\u00e4t, Zuverl\u00e4ssigkeit und Vollst\u00e4ndigkeit der Informationen.<\/p>\n\n\n\n<p>Haftungsanspr\u00fcche gegen die Autorenschaft wegen Sch\u00e4den materieller oder immaterieller Art, welche aus dem Zugriff oder der Nutzung bzw. Nichtnutzung der ver\u00f6ffentlichten Informationen, durch Missbrauch der Verbindung oder durch technische St\u00f6rungen entstanden sind, werden ausgeschlossen.<\/p>\n\n\n\n<p>Alle Angebote sind unverbindlich. Die Autorschaft beh\u00e4lt es sich ausdr\u00fccklich vor, Teile der Seiten oder das gesamte Angebot ohne besondere Ank\u00fcndigung zu ver\u00e4ndern, zu erg\u00e4nzen, zu l\u00f6schen oder die Ver\u00f6ffentlichung zeitweise oder endg\u00fcltig einzustellen.<\/p>\n\n\n\n<p><strong>Haftungsausschluss f\u00fcr Links<\/strong><br>Verweise und Links auf Webseiten Dritter liegen ausserhalb unseres Verantwortungsbereichs. Es wird jegliche Verantwortung f\u00fcr solche Webseiten abgelehnt. Der Zugriff und die Nutzung solcher Webseiten erfolgen auf eigene Gefahr des jeweiligen Nutzers.<\/p>\n\n\n\n<p><strong>Urheberrechte<\/strong><br>Die Urheber- und alle anderen Rechte an Inhalten, Bildern, Fotos oder anderen Dateien auf dieser Website, geh\u00f6ren ausschliesslich\u00a0<strong>der juristischen Person Flirt Don&#8217;t Hurt<\/strong>\u00a0oder den speziell genannten Rechteinhaber*innen. F\u00fcr die Reproduktion jeglicher Elemente ist die schriftliche Zustimmung des Urheberrechtstr\u00e4ger*in im Voraus einzuholen.<\/p>\n\n\n\n<p><\/p>\n","protected":false},"excerpt":{"rendered":"<p>Kontakt-Adresse Flirt Don&#8217;t Hurtc\/o Feuerwehr ViktoriaViktoriastrasse 703013 BernSchweiz E-Mail:info@flirtdonthurt.ch Vertretungsberechtigte Person(en)Jo\u00eblle Dinichert, VorstandLetizia Carigiet, VorstandAdriana Anliker, VorstandHanna-Lynn Schori, Vorstand HaftungsausschlussDie Autorenschaft \u00fcbernimmt keinerlei Gew\u00e4hr hinsichtlich der inhaltlichen Richtigkeit, Genauigkeit, Aktualit\u00e4t, Zuverl\u00e4ssigkeit und Vollst\u00e4ndigkeit der Informationen. Haftungsanspr\u00fcche gegen die Autorenschaft wegen Sch\u00e4den materieller oder immaterieller Art, welche aus dem Zugriff oder der Nutzung bzw. Nichtnutzung der &hellip; <a href=\"https:\/\/www.flirtdonthurt.ch\/index.php\/impressum\/\" class=\"more-link\"><span class=\"screen-reader-text\">&#8220;Impressum&#8221; <\/span>weiterlesen<\/a><\/p>\n","protected":false},"author":1,"featured_media":0,"parent":0,"menu_order":0,"comment_status":"closed","ping_status":"open","template":"","meta":{"footnotes":""},"class_list":["post-3","page","type-page","status-publish","hentry"],"_links":{"self":[{"href":"https:\/\/www.flirtdonthurt.ch\/index.php\/wp-json\/wp\/v2\/pages\/3"}],"collection":[{"href":"https:\/\/www.flirtdonthurt.ch\/index.php\/wp-json\/wp\/v2\/pages"}],"about":[{"href":"https:\/\/www.flirtdonthurt.ch\/index.php\/wp-json\/wp\/v2\/types\/page"}],"author":[{"embeddable":true,"href":"https:\/\/www.flirtdonthurt.ch\/index.php\/wp-json\/wp\/v2\/users\/1"}],"replies":[{"embeddable":true,"href":"https:\/\/www.flirtdonthurt.ch\/index.php\/wp-json\/wp\/v2\/comments?post=3"}],"version-history":[{"count":2,"href":"https:\/\/www.flirtdonthurt.ch\/index.php\/wp-json\/wp\/v2\/pages\/3\/revisions"}],"predecessor-version":[{"id":278,"href":"https:\/\/www.flirtdonthurt.ch\/index.php\/wp-json\/wp\/v2\/pages\/3\/revisions\/278"}],"wp:attachment":[{"href":"https:\/\/www.flirtdonthurt.ch\/index.php\/wp-json\/wp\/v2\/media?parent=3"}],"curies":[{"name":"wp","href":"https:\/\/api.w.org\/{rel}","templated":true}]}}