{"id":19,"date":"2019-10-25T13:47:54","date_gmt":"2019-10-25T13:47:54","guid":{"rendered":"https:\/\/www.flirtdonthurt.ch\/?page_id=19"},"modified":"2024-10-24T21:46:20","modified_gmt":"2024-10-24T21:46:20","slug":"ueber-uns","status":"publish","type":"page","link":"https:\/\/www.flirtdonthurt.ch\/index.php\/ueber-uns\/","title":{"rendered":"\u00dcber den Verein"},"content":{"rendered":"\n<p class=\"has-medium-font-size\"><strong>Im Februar 2018 hat sich ein Kollektiv aus verschiedenen Clubs und  Interessierten zum Verein \u00abFlirt Don&#8217;t Hurt\u00bb zusammengeschlossen. Den Initiant*innen ist es ein Anliegen, gegen sexualisierte Gewalt im Berner Nachtleben aktiv vorzugehen und somit allen Feiernden ein sicheres Ausgeherlebnis zu erm\u00f6glichen.<\/strong><\/p>\n\n\n\n<p>Der Zweck des Vereins ist die Sensibilisierung und Pr\u00e4vention zum Thema der sexualisierten Gewalt im Berner Nachtleben. Er bietet den Clubs im Berner Nachtleben Workshops f\u00fcr Personal, Kampagnenmaterial sowie Zugang zu Unterlagen zum Thema und betreibt \u00d6ffentlichkeitsarbeit, Lobbying und Vernetzung.<\/p>\n\n\n\n<p>Nur durch die Zusammenarbeit und das Commitment m\u00f6glichst aller Clubs in der Stadt Bern sowie die Umsetzung gleicher Standards und Handlungsabl\u00e4ufen k\u00f6nnen wir eine Kultur des respektvollen Feierns ohne sexualisierte Gewalt erreichen.<\/p>\n\n\n\n<p>Der Verein finanziert sich \u00fcber Mitgliederbeitr\u00e4ge und Dienstleistungen sowie Spenden und F\u00f6rdergelder. Der Verein ist gemeinn\u00fctzig organisiert und verfolgt keine kommerziellen Zwecke.<\/p>\n","protected":false},"excerpt":{"rendered":"<p>Im Februar 2018 hat sich ein Kollektiv aus verschiedenen Clubs und Interessierten zum Verein \u00abFlirt Don&#8217;t Hurt\u00bb zusammengeschlossen. Den Initiant*innen ist es ein Anliegen, gegen sexualisierte Gewalt im Berner Nachtleben aktiv vorzugehen und somit allen Feiernden ein sicheres Ausgeherlebnis zu erm\u00f6glichen. Der Zweck des Vereins ist die Sensibilisierung und Pr\u00e4vention zum Thema der sexualisierten Gewalt &hellip; <a href=\"https:\/\/www.flirtdonthurt.ch\/index.php\/ueber-uns\/\" class=\"more-link\"><span class=\"screen-reader-text\">&#8220;\u00dcber den Verein&#8221; <\/span>weiterlesen<\/a><\/p>\n","protected":false},"author":1,"featured_media":232,"parent":0,"menu_order":0,"comment_status":"closed","ping_status":"closed","template":"","meta":{"footnotes":""},"class_list":["post-19","page","type-page","status-publish","has-post-thumbnail","hentry"],"_links":{"self":[{"href":"https:\/\/www.flirtdonthurt.ch\/index.php\/wp-json\/wp\/v2\/pages\/19"}],"collection":[{"href":"https:\/\/www.flirtdonthurt.ch\/index.php\/wp-json\/wp\/v2\/pages"}],"about":[{"href":"https:\/\/www.flirtdonthurt.ch\/index.php\/wp-json\/wp\/v2\/types\/page"}],"author":[{"embeddable":true,"href":"https:\/\/www.flirtdonthurt.ch\/index.php\/wp-json\/wp\/v2\/users\/1"}],"replies":[{"embeddable":true,"href":"https:\/\/www.flirtdonthurt.ch\/index.php\/wp-json\/wp\/v2\/comments?post=19"}],"version-history":[{"count":6,"href":"https:\/\/www.flirtdonthurt.ch\/index.php\/wp-json\/wp\/v2\/pages\/19\/revisions"}],"predecessor-version":[{"id":259,"href":"https:\/\/www.flirtdonthurt.ch\/index.php\/wp-json\/wp\/v2\/pages\/19\/revisions\/259"}],"wp:featuredmedia":[{"embeddable":true,"href":"https:\/\/www.flirtdonthurt.ch\/index.php\/wp-json\/wp\/v2\/media\/232"}],"wp:attachment":[{"href":"https:\/\/www.flirtdonthurt.ch\/index.php\/wp-json\/wp\/v2\/media?parent=19"}],"curies":[{"name":"wp","href":"https:\/\/api.w.org\/{rel}","templated":true}]}}