{"id":18,"date":"2019-10-25T13:47:54","date_gmt":"2019-10-25T13:47:54","guid":{"rendered":"https:\/\/www.flirtdonthurt.ch\/?page_id=18"},"modified":"2025-11-26T20:14:15","modified_gmt":"2025-11-26T20:14:15","slug":"startseite","status":"publish","type":"page","link":"https:\/\/www.flirtdonthurt.ch\/","title":{"rendered":""},"content":{"rendered":"\n<p class=\"has-text-align-left has-medium-font-size\"><span class=\"s1\"><strong>Allen Feiernden ein sicheres Ausgeherlebnis erm\u00f6glichen.<\/strong><\/span><span class=\"s1\"><strong><mark style=\"background-color:rgba(0, 0, 0, 0)\" class=\"has-inline-color has-dark-red-color\">Flirt Don&#8217;t Hurt<\/mark>geht aktiv gegen sexualisierte Gewalt im Berner Nachtleben vor.<\/strong><\/span><\/p>\n\n\n\n<p>Der Berner Verein<strong><mark style=\"background-color:rgba(0, 0, 0, 0)\" class=\"has-inline-color has-dark-red-color\">Flirt Don&#8217;t Hurt<\/mark><\/strong>setzt sich als Verein f\u00fcr die Pr\u00e4vention und Sensibilisierung zum Thema der sexualisierten Gewalt im Berner Nachtleben ein. Daf\u00fcr geht der Verein verschiedene Wege: Wir bieten Workshops f\u00fcr Clubpersonal an, f\u00fchren eine Info-Kampagne auf Social Media durch, unterst\u00fctzen \u00e4hnliche Initiativen, machen Coachings f\u00fcr F\u00fchrungspersonen und mehr.<\/p>\n\n\n\n<p class=\"has-medium-font-size\"><\/p>\n\n\n\n<hr class=\"wp-block-separator has-text-color has-dark-gray-color has-alpha-channel-opacity has-dark-gray-background-color has-background is-style-default\"\/>\n\n\n\n<p><\/p>\n\n\n\n<p class=\"has-medium-font-size\"><strong>Flirt Don&#8217;t Hurt unterst\u00fctzt dich als Clubbetrieb<\/strong><\/p>\n\n\n\n<p>Daneben begleitet der Verein Clubs oder Arbeitsgruppen bei der Erarbeitung von Konzepten und Massnahmen, Coachings f\u00fcr F\u00fchrungspersonen, Fachinputs und Referate zum Thema Sexualisierte Gewalt im Nachtleben und R\u00fcckmeldungen zu bereits erarbeiteten Konzepten.<\/p>\n\n\n\n<p class=\"has-medium-font-size\"><strong>Frag den Verein<\/strong><\/p>\n\n\n\n<p>Jeder Clubbetrieb ist einzigartig. Daher braucht es oft auch passgenaue L\u00f6sungen und Massnahmen, um sexualisierte Gewalt zu reduzieren. Gerne bieten wir unsere Dienstleistungen daher auch auf deine Bed\u00fcrfnisse zugeschnitten an.&nbsp;Melde dich beim Verein.&nbsp;Wir nehmen Anfragen jederzeit gerne entgegen.<\/p>\n\n\n\n<div class=\"wp-block-buttons is-horizontal is-content-justification-center is-layout-flex wp-container-core-buttons-is-layout-1 wp-block-buttons-is-layout-flex\">\n<div class=\"wp-block-button has-custom-font-size has-small-font-size\"><a class=\"wp-block-button__link has-text-align-left wp-element-button\" href=\"https:\/\/www.flirtdonthurt.ch\/index.php\/kontakt\/\" style=\"border-radius:0px\">\ud83d\udc49 Flirt dont Hurt kontaktieren<\/a><\/div>\n<\/div>\n\n\n\n<div style=\"height:27px\" aria-hidden=\"true\" class=\"wp-block-spacer\"><\/div>\n\n\n\n<hr class=\"wp-block-separator has-text-color has-dark-gray-color has-alpha-channel-opacity has-dark-gray-background-color has-background is-style-default\"\/>\n\n\n\n<p class=\"has-medium-font-size\"><strong>Wir haben einen Newsletter<\/strong><\/p>\n\n\n\n<p>Falls du informiert bleiben m\u00f6chtest, dann und wann einen Reminder zu den n\u00e4chsten Workshop-Terminen bekommen magst oder n\u00fctzliches Wissen und weiterf\u00fchrendes Material zum Thema bekommen, dann <a href=\"http:\/\/eepurl.com\/itRkvY\">abonniere unseren neuen Newsletter hier<\/a>.<\/p>\n\n\n\n<p><\/p>\n","protected":false},"excerpt":{"rendered":"<p>Allen Feiernden ein sicheres Ausgeherlebnis erm\u00f6glichen.Flirt Don&#8217;t Hurtgeht aktiv gegen sexualisierte Gewalt im Berner Nachtleben vor. Der Berner VereinFlirt Don&#8217;t Hurtsetzt sich als Verein f\u00fcr die Pr\u00e4vention und Sensibilisierung zum Thema der sexualisierten Gewalt im Berner Nachtleben ein. Daf\u00fcr geht der Verein verschiedene Wege: Wir bieten Workshops f\u00fcr Clubpersonal an, f\u00fchren eine Info-Kampagne auf Social &hellip; <a href=\"https:\/\/www.flirtdonthurt.ch\/\" class=\"more-link\"><span class=\"screen-reader-text\">&#8220;&#8221; <\/span>weiterlesen<\/a><\/p>\n","protected":false},"author":1,"featured_media":205,"parent":0,"menu_order":0,"comment_status":"closed","ping_status":"closed","template":"","meta":{"footnotes":""},"class_list":["post-18","page","type-page","status-publish","has-post-thumbnail","hentry"],"_links":{"self":[{"href":"https:\/\/www.flirtdonthurt.ch\/index.php\/wp-json\/wp\/v2\/pages\/18"}],"collection":[{"href":"https:\/\/www.flirtdonthurt.ch\/index.php\/wp-json\/wp\/v2\/pages"}],"about":[{"href":"https:\/\/www.flirtdonthurt.ch\/index.php\/wp-json\/wp\/v2\/types\/page"}],"author":[{"embeddable":true,"href":"https:\/\/www.flirtdonthurt.ch\/index.php\/wp-json\/wp\/v2\/users\/1"}],"replies":[{"embeddable":true,"href":"https:\/\/www.flirtdonthurt.ch\/index.php\/wp-json\/wp\/v2\/comments?post=18"}],"version-history":[{"count":43,"href":"https:\/\/www.flirtdonthurt.ch\/index.php\/wp-json\/wp\/v2\/pages\/18\/revisions"}],"predecessor-version":[{"id":410,"href":"https:\/\/www.flirtdonthurt.ch\/index.php\/wp-json\/wp\/v2\/pages\/18\/revisions\/410"}],"wp:featuredmedia":[{"embeddable":true,"href":"https:\/\/www.flirtdonthurt.ch\/index.php\/wp-json\/wp\/v2\/media\/205"}],"wp:attachment":[{"href":"https:\/\/www.flirtdonthurt.ch\/index.php\/wp-json\/wp\/v2\/media?parent=18"}],"curies":[{"name":"wp","href":"https:\/\/api.w.org\/{rel}","templated":true}]}}